{"id":6467,"date":"2019-01-28T18:36:40","date_gmt":"2019-01-28T17:36:40","guid":{"rendered":"https:\/\/q40a0nb1.a2hosted.com\/pools\/home-pools\/pools-for-home\/torino-sassi\/"},"modified":"2020-04-01T14:00:58","modified_gmt":"2020-04-01T13:00:58","slug":"torino-sassi","status":"publish","type":"page","link":"https:\/\/q40a0nb1.a2hosted.com\/en\/pools\/home-pools\/pools-for-home\/torino-sassi\/","title":{"rendered":"Torino Sassi"},"content":{"rendered":"<p>[av_horizontal_gallery ids=&#8217;6267,6269,6259,6257,6275,6263,6261,6255,6253,6251,6249,6265,6273&#8242; height=&#8217;30&#8217; size=&#8217;entry_without_sidebar&#8217; links=&#8217;active&#8217; lightbox_text=&#8221; link_dest=&#8221; gap=&#8217;1px&#8217; active=&#8217;enlarge&#8217; initial=&#8221; control_layout=&#8217;av-control-minimal&#8217; id=&#8221; av_uid=&#8217;av-k76ctu5q&#8217;][\/av_horizontal_gallery]<\/p>\n<p>[av_button label=&#8217;Richiedi Informazioni&#8217; link=&#8217;manually,https:\/\/q40a0nb1.a2hosted.com\/contact\/&#8217; link_target=&#8221; size=&#8217;large&#8217; position=&#8217;left&#8217; label_display=&#8221; icon_select=&#8217;yes&#8217; icon_hover=&#8217;aviaTBicon_hover&#8217; icon=&#8217;ue81e&#8217; font=&#8217;entypo-fontello&#8217; color=&#8217;custom&#8217; custom_bg=&#8217;#0c3094&#8242; custom_font=&#8217;#ffffff&#8217; av_uid=&#8217;av-k8a2oc9h&#8217; admin_preview_bg=&#8221;]<\/p>\n<p>[av_button label=&#8217;Richiedi Catalogo&#8217; link=&#8217;manually,https:\/\/q40a0nb1.a2hosted.com\/wp-content\/uploads\/2018\/01\/catalogo-ita.pdf&#8217; link_target=&#8221; size=&#8217;large&#8217; position=&#8217;right&#8217; label_display=&#8221; icon_select=&#8217;yes-right-icon&#8217; icon_hover=&#8217;aviaTBicon_hover&#8217; icon=&#8217;ue84f&#8217; font=&#8217;entypo-fontello&#8217; color=&#8217;custom&#8217; custom_bg=&#8217;#0c3094&#8242; custom_font=&#8217;#ffffff&#8217; av_uid=&#8217;av-k8a2oc9h&#8217; admin_preview_bg=&#8221;]<\/p>\n<p>[av_textblock size=&#8221; font_color=&#8221; color=&#8221; av-medium-font-size=&#8221; av-small-font-size=&#8221; av-mini-font-size=&#8221; av_uid=&#8217;av-jrgedmfv&#8217; admin_preview_bg=&#8221;]<\/p>\n<h1 style=\"text-align: left;\"><span style=\"color: #333333;\">(Ri)Costruire una <a style=\"color: #333333;\" href=\"https:\/\/q40a0nb1.a2hosted.com\/en\/pools\/home-pools\/\">piscina classica<\/a><\/span><\/h1>\n<p><span style=\"color: #808080;\">Il nostro committente aveva una bellissima \u00a0villa storica \u00a0sulla collina di Torino ristrutturata con i criteri del restauro storico, adiacente alla villa vi era \u00a0un bel giardino pianeggiante con una vasca storica abbandonata, \u00a0pertanto sia per la sua bellezza originale sia per vincoli burocratici (zona vincolata sia ambientale che belle arti) l\u2019intervento \u00e8 stato poco invasivo dal punto di vista delle forme e dei materiali.<\/span><\/p>\n<p><span style=\"color: #808080;\">La forma della <a style=\"color: #808080;\" href=\"https:\/\/q40a0nb1.a2hosted.com\/en\/pools\/\">piscina<\/a>\u00a0 pertanto doveva essere mantenuta il pi\u00f9 possibile, ma per permettere l\u2019inserimento della copertura automatica si \u00e8 progettato di portare le due esedre rovesce sotto al livello dell\u2019acqua mantenendo cos\u00ec la lettura formale della forma classica, ma realizzando anche due zone di acqua bassissima con funzione prendisole bagnato (fresco\u2026)<\/span><\/p>\n<h2>Costruire una piscina per la casa \u00e8 anche una questione di rispetto della storia<\/h2>\n<p><span style=\"color: #808080;\"><a style=\"color: #808080;\" href=\"https:\/\/q40a0nb1.a2hosted.com\/\">Acquablu<\/a> ha quindi <a style=\"color: #808080;\" href=\"https:\/\/q40a0nb1.a2hosted.com\/en\/pools\/home-pools\/pools-for-home\/\">progettato una piscina<\/a> con le stesse dimensioni e forme dell\u2019esistente ma con profondit\u00e0 variate secondo esigenze pi\u00f9 moderne, nella zona profonda infatti si \u00e8 ricavato il vano tapparella, mentre nella zona meno profonda si sono ricavati una scaletta in muratura, una zona chaise-longue in acqua ed una fascia a profondit\u00e0 di nuoto per sfruttare tutta la lunghezza (19 mt)per il nuoto .<\/span><\/p>\n<p><span style=\"color: #808080;\">Il colore del rivestimento in pvc grigio mantiene un tono simile alla finitura\u00a0 originale (intonachino tipo marmorino) e dona un effetto molto naturale.<\/span><\/p>\n<p><span style=\"color: #808080;\">La piscina \u00e8 dotata di un sistema di controllo domotico remoto dei parametri principali.<\/span><\/p>\n<p><span style=\"color: #808080;\">Il solarium \u00e8 stato realizzato pietra di Luserna selezionata senza venature, molto uniforme ma adatta al contesto classico (tutti i camminamenti intorno alla villa sono realizzati con lo stesso tipo di pietra e di formato).<\/span><\/p>\n<h3>Caratteristiche di questa piscina:<\/h3>\n<p><span style=\"color: #808080;\"><em><strong>Dimensioni m<\/strong>: \u00a019&#215;8 h0,60-2,20<\/em><\/span><\/p>\n<p><span style=\"color: #808080;\"><em><strong>Struttura:<\/strong> in cemento armato esistente<\/em><\/span><\/p>\n<p><span style=\"color: #808080;\"><em><strong>Rivestimento interno<\/strong>: PVC grigio chiaro<\/em><\/span><\/p>\n<p><span style=\"color: #808080;\"><em><strong>Sistema di ricircolo<\/strong>: a 6 skimmer in acciaio inox<\/em><\/span><\/p>\n<p><span style=\"color: #808080;\"><em><strong>Filtrazione:<\/strong> doppio filtro a sabbia di vetro e doppia pompa<\/em><\/span><\/p>\n<p><span style=\"color: #808080;\"><em><strong>Dosaggio:<\/strong> pompa automatica per il dosaggio e controllo del \u00a0pH\u00a0 e del cloro con sistema di controllo domotico<\/em><\/span><\/p>\n<p><span style=\"color: #808080;\"><em><strong>Riscaldamento:<\/strong> scambiatore di calore a piastre<\/em><\/span><\/p>\n<p><span style=\"color: #808080;\"><em><strong>Illuminazione: 8<\/strong> fari a led Bianchi rgb<\/em><\/span><\/p>\n<p><span style=\"color: #808080;\"><em><strong>Copertura:<\/strong> a tapparella con vano sul fondo<\/em><\/span><br \/>\n[\/av_textblock]<\/p>\n<p>[av_one_full first min_height=&#8221; vertical_alignment=&#8221; space=&#8221; custom_margin=&#8221; margin=&#8217;0px&#8217; link=&#8221; linktarget=&#8221; link_hover=&#8221; padding=&#8217;0px&#8217; border=&#8221; border_color=&#8221; radius=&#8217;0px&#8217; background=&#8217;bg_color&#8217; background_color=&#8221; background_gradient_color1=&#8221; background_gradient_color2=&#8221; background_gradient_direction=&#8217;vertical&#8217; src=&#8221; background_position=&#8217;top left&#8217; background_repeat=&#8217;no-repeat&#8217; animation=&#8221; mobile_breaking=&#8221; mobile_display=&#8221; av_uid=&#8217;av-p5t44s&#8217;]<br \/>\n[av_masonry_gallery ids=&#8217;10698,10856,10854,10696&#8242; items=&#8217;4&#8242; columns=&#8217;4&#8242; paginate=&#8217;none&#8217; size=&#8217;fixed&#8217; orientation=&#8221; gap=&#8217;large&#8217; overlay_fx=&#8217;active&#8217; container_links=&#8221; id=&#8221; caption_elements=&#8217;title&#8217; caption_styling=&#8217;overlay&#8217; caption_display=&#8217;always&#8217; color=&#8221; custom_bg=&#8221; av-medium-columns=&#8221; av-small-columns=&#8221; av-mini-columns=&#8221; av_uid=&#8217;av-k80b2ek9&#8242;]<\/p>\n<p>[av_codeblock wrapper_element=&#8221; wrapper_element_attributes=&#8221; codeblock_type=&#8221; av_uid=&#8217;av-ko5xe4&#8242;]<br \/>\n<script type=\"application\/ld+json\">\n{\n  \"@context\": \"http:\/\/schema.org\",\n  \"@type\": \"Product\",\n  \"name\": \"piscine prefabbricate\",\n  \"category\": \"piscine\",\n  \"additionalProperty\": {\n  \"@type\": \"PropertyValue\", \n  \"name\": \"piscine per la famiglia\"\n  },\n  \"aggregateRating\": {\n    \"@type\": \"AggregateRating\",\n    \"ratingValue\": \"4.9\",\n    \"reviewCount\": \"38\"\n  },\n  \"brand\": \"Acquablu\",\n  \"description\": \"costruzione piscine a torino\",\n  \"image\": \"https:\/\/q40a0nb1.a2hosted.com\/wp-content\/uploads\/2017\/06\/costruzione-piscine-torino-taddei-01.jpg\"\n}\n<\/script><br \/>\n<script type=\"application\/ld+json\">\n{\n  \"@context\": \"http:\/\/schema.org\/\",\n  \"@type\": \"Service\",\n\t\"name\": \"costruzione piscine a Torino\",\n  \"serviceType\": \"costruzione piscine torino\",\n\t\"category\": \"piscine\",\n  \"provider\": {\n    \"@type\": \"LocalBusiness\",\n    \"name\": \"Acquablu\",\n    \"image\": \"https:\/\/q40a0nb1.a2hosted.com\/wp-content\/uploads\/2017\/12\/acquablucrop-1224x430.png\",\n    \"telephone\": \"+390119322217\",\n     \"address\": {\n      \"@type\": \"PostalAddress\",\n      \"postalCode\": \"10051\",\n      \"streetAddress\": \"Via Marconi, 3\"\n      }\n  },\n  \"areaServed\": {\n    \"@type\": \"State\",\n    \"name\": \"Torino\"\n  }\n}\n<\/script><\/p>\n<p>[\/av_codeblock]<br \/>\n[\/av_one_full]<\/p>\n<p>[av_layout_row border=&#8221; min_height_percent=&#8221; min_height=&#8217;0&#8242; color=&#8217;main_color&#8217; mobile=&#8217;av-flex-cells&#8217; id=&#8221; av_element_hidden_in_editor=&#8217;0&#8242; mobile_breaking=&#8221; av-desktop-hide=&#8221; av-medium-hide=&#8221; av-small-hide=&#8221; av-mini-hide=&#8221; av_uid=&#8217;av-3ih8sy&#8217;]<br \/>\n[av_cell_one_full vertical_align=&#8217;top&#8217; padding=&#8217;30px&#8217; background=&#8217;bg_color&#8217; background_color=&#8221; background_gradient_color1=&#8221; background_gradient_color2=&#8221; background_gradient_direction=&#8217;vertical&#8217; src=&#8221; background_attachment=&#8217;scroll&#8217; background_position=&#8217;top left&#8217; background_repeat=&#8217;no-repeat&#8217; link=&#8221; linktarget=&#8221; link_hover=&#8221; mobile_display=&#8221; av_uid=&#8217;av-3005wi&#8217;]<\/p>\n<p>[av_one_third first min_height=&#8221; vertical_alignment=&#8221; space=&#8221; custom_margin=&#8221; margin=&#8217;0px&#8217; link=&#8221; linktarget=&#8221; link_hover=&#8221; padding=&#8217;0px&#8217; border=&#8221; border_color=&#8221; radius=&#8217;0px&#8217; background=&#8217;bg_color&#8217; background_color=&#8221; background_gradient_color1=&#8221; background_gradient_color2=&#8221; background_gradient_direction=&#8217;vertical&#8217; src=&#8221; background_position=&#8217;top left&#8217; background_repeat=&#8217;no-repeat&#8217; animation=&#8221; mobile_breaking=&#8221; mobile_display=&#8221; av_uid=&#8217;av-ew5gb&#8217;]<\/p>\n<p>[av_font_icon icon=&#8217;ue870&#8242; font=&#8217;entypo-fontello&#8217; style=&#8221; caption=&#8221; link=&#8217;manually,https:\/\/q40a0nb1.a2hosted.com\/piscine\/casa\/realizzazioni\/orbassano\/&#8217; linktarget=&#8221; size=&#8217;80px&#8217; position=&#8217;left&#8217; color=&#8221; av_uid=&#8217;av-k87xfgio&#8217; admin_preview_bg=&#8221;]<br \/>\nRealizzazione precedente<br \/>\n[\/av_font_icon]<\/p>\n<p>[\/av_one_third][av_one_third min_height=&#8221; vertical_alignment=&#8221; space=&#8221; custom_margin=&#8221; margin=&#8217;0px&#8217; link=&#8221; linktarget=&#8221; link_hover=&#8221; padding=&#8217;0px&#8217; border=&#8221; border_color=&#8221; radius=&#8217;0px&#8217; background=&#8217;bg_color&#8217; background_color=&#8221; background_gradient_color1=&#8221; background_gradient_color2=&#8221; background_gradient_direction=&#8217;vertical&#8217; src=&#8221; background_position=&#8217;top left&#8217; background_repeat=&#8217;no-repeat&#8217; animation=&#8221; mobile_breaking=&#8221; mobile_display=&#8221; av_uid=&#8217;av-300cgr&#8217;]<\/p>\n<p>[av_font_icon icon=&#8217;ue872&#8242; font=&#8217;entypo-fontello&#8217; style=&#8221; caption=&#8221; link=&#8217;manually,https:\/\/q40a0nb1.a2hosted.com\/piscine\/casa\/realizzazioni\/&#8217; linktarget=&#8221; size=&#8217;80px&#8217; position=&#8217;center&#8217; color=&#8221; av_uid=&#8217;av-k87xfgio&#8217; admin_preview_bg=&#8221;]<br \/>\nPagina realizzazioni<br \/>\n[\/av_font_icon]<\/p>\n<p>[\/av_one_third][av_one_third min_height=&#8221; vertical_alignment=&#8221; space=&#8221; custom_margin=&#8221; margin=&#8217;0px&#8217; link=&#8221; linktarget=&#8221; link_hover=&#8221; padding=&#8217;0px&#8217; border=&#8221; border_color=&#8221; radius=&#8217;0px&#8217; background=&#8217;bg_color&#8217; background_color=&#8221; background_gradient_color1=&#8221; background_gradient_color2=&#8221; background_gradient_direction=&#8217;vertical&#8217; src=&#8221; background_position=&#8217;top left&#8217; background_repeat=&#8217;no-repeat&#8217; animation=&#8221; mobile_breaking=&#8221; mobile_display=&#8221; av_uid=&#8217;av-300cgr&#8217;]<\/p>\n<p>[av_font_icon icon=&#8217;ue871&#8242; font=&#8217;entypo-fontello&#8217; style=&#8221; caption=&#8221; link=&#8217;manually,https:\/\/q40a0nb1.a2hosted.com\/piscine\/casa\/realizzazioni\/rivoli\/&#8217; linktarget=&#8221; size=&#8217;80px&#8217; position=&#8217;right&#8217; color=&#8221; av_uid=&#8217;av-k87xfgio&#8217; admin_preview_bg=&#8221;]<br \/>\nRealizzazione successiva<br \/>\n[\/av_font_icon]<\/p>\n<p>[\/av_one_third][\/av_cell_one_full]<br \/>\n[\/av_layout_row]<\/p>\n<p>[av_button label=&#8217;Richiedi Catalogo&#8217; link=&#8217;manually,https:\/\/q40a0nb1.a2hosted.com\/wp-content\/uploads\/2018\/01\/catalogo-ita.pdf&#8217; link_target=&#8221; size=&#8217;large&#8217; position=&#8217;right&#8217; label_display=&#8221; icon_select=&#8217;yes-right-icon&#8217; icon_hover=&#8217;aviaTBicon_hover&#8217; icon=&#8217;ue84f&#8217; font=&#8217;entypo-fontello&#8217; color=&#8217;custom&#8217; custom_bg=&#8217;#0c3094&#8242; custom_font=&#8217;#ffffff&#8217; av_uid=&#8217;av-k8a2oc9h&#8217; admin_preview_bg=&#8221;]<\/p>\n","protected":false},"excerpt":{"rendered":"<p>[av_horizontal_gallery ids=&#8217;6267,6269,6259,6257,6275,6263,6261,6255,6253,6251,6249,6265,6273&#8242; height=&#8217;30&#8217; size=&#8217;entry_without_sidebar&#8217; links=&#8217;active&#8217; lightbox_text=&#8221; link_dest=&#8221; gap=&#8217;1px&#8217; active=&#8217;enlarge&#8217; initial=&#8221; control_layout=&#8217;av-control-minimal&#8217; id=&#8221; av_uid=&#8217;av-k76ctu5q&#8217;][\/av_horizontal_gallery] [av_button label=&#8217;Richiedi Informazioni&#8217; link=&#8217;manually,https:\/\/q40a0nb1.a2hosted.com\/contact\/&#8217; link_target=&#8221; size=&#8217;large&#8217; position=&#8217;left&#8217; label_display=&#8221; icon_select=&#8217;yes&#8217; icon_hover=&#8217;aviaTBicon_hover&#8217; icon=&#8217;ue81e&#8217; font=&#8217;entypo-fontello&#8217; color=&#8217;custom&#8217; custom_bg=&#8217;#0c3094&#8242; custom_font=&#8217;#ffffff&#8217; av_uid=&#8217;av-k8a2oc9h&#8217; admin_preview_bg=&#8221;] [av_button label=&#8217;Richiedi Catalogo&#8217; link=&#8217;manually,https:\/\/q40a0nb1.a2hosted.com\/wp-content\/uploads\/2018\/01\/catalogo-ita.pdf&#8217; link_target=&#8221; size=&#8217;large&#8217; position=&#8217;right&#8217; label_display=&#8221; icon_select=&#8217;yes-right-icon&#8217; icon_hover=&#8217;aviaTBicon_hover&#8217; icon=&#8217;ue84f&#8217; font=&#8217;entypo-fontello&#8217; color=&#8217;custom&#8217; custom_bg=&#8217;#0c3094&#8242; custom_font=&#8217;#ffffff&#8217; av_uid=&#8217;av-k8a2oc9h&#8217; admin_preview_bg=&#8221;] [av_textblock size=&#8221; font_color=&#8221; color=&#8221; av-medium-font-size=&#8221; av-small-font-size=&#8221; av-mini-font-size=&#8221; av_uid=&#8217;av-jrgedmfv&#8217; [&hellip;]<\/p>\n","protected":false},"author":9,"featured_media":0,"parent":4996,"menu_order":1,"comment_status":"closed","ping_status":"closed","template":"","meta":{"footnotes":""},"class_list":["post-6467","page","type-page","status-publish","hentry"],"yoast_head":"<!-- This site is optimized with the Yoast SEO plugin v24.7 - https:\/\/yoast.com\/wordpress\/plugins\/seo\/ -->\n<title>Torino Sassi - Acqua Blu<\/title>\n<meta name=\"robots\" content=\"index, follow, max-snippet:-1, max-image-preview:large, max-video-preview:-1\" \/>\n<link rel=\"canonical\" href=\"https:\/\/q40a0nb1.a2hosted.com\/en\/pools\/home-pools\/pools-for-home\/torino-sassi\/\" \/>\n<meta property=\"og:locale\" content=\"en_US\" \/>\n<meta property=\"og:type\" content=\"article\" \/>\n<meta property=\"og:title\" content=\"Torino Sassi - Acqua Blu\" \/>\n<meta property=\"og:description\" content=\"[av_horizontal_gallery ids=&#8217;6267,6269,6259,6257,6275,6263,6261,6255,6253,6251,6249,6265,6273&#8242; height=&#8217;30&#8217; size=&#8217;entry_without_sidebar&#8217; links=&#8217;active&#8217; lightbox_text=&#8221; link_dest=&#8221; gap=&#8217;1px&#8217; active=&#8217;enlarge&#8217; initial=&#8221; control_layout=&#8217;av-control-minimal&#8217; id=&#8221; av_uid=&#8217;av-k76ctu5q&#8217;][\/av_horizontal_gallery] [av_button label=&#8217;Richiedi Informazioni&#8217; link=&#8217;manually,https:\/\/q40a0nb1.a2hosted.com\/contact\/&#8217; link_target=&#8221; size=&#8217;large&#8217; position=&#8217;left&#8217; label_display=&#8221; icon_select=&#8217;yes&#8217; icon_hover=&#8217;aviaTBicon_hover&#8217; icon=&#8217;ue81e&#8217; font=&#8217;entypo-fontello&#8217; color=&#8217;custom&#8217; custom_bg=&#8217;#0c3094&#8242; custom_font=&#8217;#ffffff&#8217; av_uid=&#8217;av-k8a2oc9h&#8217; admin_preview_bg=&#8221;] [av_button label=&#8217;Richiedi Catalogo&#8217; link=&#8217;manually,https:\/\/q40a0nb1.a2hosted.com\/wp-content\/uploads\/2018\/01\/catalogo-ita.pdf&#8217; link_target=&#8221; size=&#8217;large&#8217; position=&#8217;right&#8217; label_display=&#8221; icon_select=&#8217;yes-right-icon&#8217; icon_hover=&#8217;aviaTBicon_hover&#8217; icon=&#8217;ue84f&#8217; font=&#8217;entypo-fontello&#8217; color=&#8217;custom&#8217; custom_bg=&#8217;#0c3094&#8242; custom_font=&#8217;#ffffff&#8217; av_uid=&#8217;av-k8a2oc9h&#8217; admin_preview_bg=&#8221;] [av_textblock size=&#8221; font_color=&#8221; color=&#8221; av-medium-font-size=&#8221; av-small-font-size=&#8221; av-mini-font-size=&#8221; av_uid=&#8217;av-jrgedmfv&#8217; [&hellip;]\" \/>\n<meta property=\"og:url\" content=\"https:\/\/q40a0nb1.a2hosted.com\/en\/pools\/home-pools\/pools-for-home\/torino-sassi\/\" \/>\n<meta property=\"og:site_name\" content=\"Acqua Blu\" \/>\n<meta property=\"article:publisher\" content=\"https:\/\/www.facebook.com\/acquablusrl\" \/>\n<meta property=\"article:modified_time\" content=\"2020-04-01T13:00:58+00:00\" \/>\n<meta name=\"twitter:card\" content=\"summary_large_image\" \/>\n<meta name=\"twitter:label1\" content=\"Est. reading time\" \/>\n\t<meta name=\"twitter:data1\" content=\"6 minutes\" \/>\n<script type=\"application\/ld+json\" class=\"yoast-schema-graph\">{\"@context\":\"https:\/\/schema.org\",\"@graph\":[{\"@type\":\"WebPage\",\"@id\":\"https:\/\/q40a0nb1.a2hosted.com\/en\/pools\/home-pools\/pools-for-home\/torino-sassi\/\",\"url\":\"https:\/\/q40a0nb1.a2hosted.com\/en\/pools\/home-pools\/pools-for-home\/torino-sassi\/\",\"name\":\"Torino Sassi - Acqua Blu\",\"isPartOf\":{\"@id\":\"https:\/\/q40a0nb1.a2hosted.com\/#website\"},\"datePublished\":\"2019-01-28T17:36:40+00:00\",\"dateModified\":\"2020-04-01T13:00:58+00:00\",\"breadcrumb\":{\"@id\":\"https:\/\/q40a0nb1.a2hosted.com\/en\/pools\/home-pools\/pools-for-home\/torino-sassi\/#breadcrumb\"},\"inLanguage\":\"en-US\",\"potentialAction\":[{\"@type\":\"ReadAction\",\"target\":[\"https:\/\/q40a0nb1.a2hosted.com\/en\/pools\/home-pools\/pools-for-home\/torino-sassi\/\"]}]},{\"@type\":\"BreadcrumbList\",\"@id\":\"https:\/\/q40a0nb1.a2hosted.com\/en\/pools\/home-pools\/pools-for-home\/torino-sassi\/#breadcrumb\",\"itemListElement\":[{\"@type\":\"ListItem\",\"position\":1,\"name\":\"Home\",\"item\":\"https:\/\/q40a0nb1.a2hosted.com\/\"},{\"@type\":\"ListItem\",\"position\":2,\"name\":\"Pools\",\"item\":\"https:\/\/q40a0nb1.a2hosted.com\/en\/pools\/\"},{\"@type\":\"ListItem\",\"position\":3,\"name\":\"Home Pools\",\"item\":\"https:\/\/q40a0nb1.a2hosted.com\/en\/pools\/home-pools\/\"},{\"@type\":\"ListItem\",\"position\":4,\"name\":\"Pools for home\",\"item\":\"https:\/\/q40a0nb1.a2hosted.com\/en\/pools\/home-pools\/pools-for-home\/\"},{\"@type\":\"ListItem\",\"position\":5,\"name\":\"Torino Sassi\"}]},{\"@type\":\"WebSite\",\"@id\":\"https:\/\/q40a0nb1.a2hosted.com\/#website\",\"url\":\"https:\/\/q40a0nb1.a2hosted.com\/\",\"name\":\"Acqua Blu\",\"description\":\"Costruzione piscine a Torino\",\"publisher\":{\"@id\":\"https:\/\/q40a0nb1.a2hosted.com\/#organization\"},\"potentialAction\":[{\"@type\":\"SearchAction\",\"target\":{\"@type\":\"EntryPoint\",\"urlTemplate\":\"https:\/\/q40a0nb1.a2hosted.com\/?s={search_term_string}\"},\"query-input\":{\"@type\":\"PropertyValueSpecification\",\"valueRequired\":true,\"valueName\":\"search_term_string\"}}],\"inLanguage\":\"en-US\"},{\"@type\":\"Organization\",\"@id\":\"https:\/\/q40a0nb1.a2hosted.com\/#organization\",\"name\":\"Acqua Blu S.r.l.\",\"url\":\"https:\/\/q40a0nb1.a2hosted.com\/\",\"logo\":{\"@type\":\"ImageObject\",\"inLanguage\":\"en-US\",\"@id\":\"https:\/\/q40a0nb1.a2hosted.com\/#\/schema\/logo\/image\/\",\"url\":\"https:\/\/q40a0nb1.a2hosted.com\/wp-content\/uploads\/2025\/02\/logo-new.png\",\"contentUrl\":\"https:\/\/q40a0nb1.a2hosted.com\/wp-content\/uploads\/2025\/02\/logo-new.png\",\"width\":500,\"height\":180,\"caption\":\"Acqua Blu S.r.l.\"},\"image\":{\"@id\":\"https:\/\/q40a0nb1.a2hosted.com\/#\/schema\/logo\/image\/\"},\"sameAs\":[\"https:\/\/www.facebook.com\/acquablusrl\",\"https:\/\/www.linkedin.com\/company\/acqua-blu-srl\/\",\"https:\/\/www.instagram.com\/acquablu_srl\/\"]}]}<\/script>\n<!-- \/ Yoast SEO plugin. -->","yoast_head_json":{"title":"Torino Sassi - Acqua Blu","robots":{"index":"index","follow":"follow","max-snippet":"max-snippet:-1","max-image-preview":"max-image-preview:large","max-video-preview":"max-video-preview:-1"},"canonical":"https:\/\/q40a0nb1.a2hosted.com\/en\/pools\/home-pools\/pools-for-home\/torino-sassi\/","og_locale":"en_US","og_type":"article","og_title":"Torino Sassi - Acqua Blu","og_description":"[av_horizontal_gallery ids=&#8217;6267,6269,6259,6257,6275,6263,6261,6255,6253,6251,6249,6265,6273&#8242; height=&#8217;30&#8217; size=&#8217;entry_without_sidebar&#8217; links=&#8217;active&#8217; lightbox_text=&#8221; link_dest=&#8221; gap=&#8217;1px&#8217; active=&#8217;enlarge&#8217; initial=&#8221; control_layout=&#8217;av-control-minimal&#8217; id=&#8221; av_uid=&#8217;av-k76ctu5q&#8217;][\/av_horizontal_gallery] [av_button label=&#8217;Richiedi Informazioni&#8217; link=&#8217;manually,https:\/\/q40a0nb1.a2hosted.com\/contact\/&#8217; link_target=&#8221; size=&#8217;large&#8217; position=&#8217;left&#8217; label_display=&#8221; icon_select=&#8217;yes&#8217; icon_hover=&#8217;aviaTBicon_hover&#8217; icon=&#8217;ue81e&#8217; font=&#8217;entypo-fontello&#8217; color=&#8217;custom&#8217; custom_bg=&#8217;#0c3094&#8242; custom_font=&#8217;#ffffff&#8217; av_uid=&#8217;av-k8a2oc9h&#8217; admin_preview_bg=&#8221;] [av_button label=&#8217;Richiedi Catalogo&#8217; link=&#8217;manually,https:\/\/q40a0nb1.a2hosted.com\/wp-content\/uploads\/2018\/01\/catalogo-ita.pdf&#8217; link_target=&#8221; size=&#8217;large&#8217; position=&#8217;right&#8217; label_display=&#8221; icon_select=&#8217;yes-right-icon&#8217; icon_hover=&#8217;aviaTBicon_hover&#8217; icon=&#8217;ue84f&#8217; font=&#8217;entypo-fontello&#8217; color=&#8217;custom&#8217; custom_bg=&#8217;#0c3094&#8242; custom_font=&#8217;#ffffff&#8217; av_uid=&#8217;av-k8a2oc9h&#8217; admin_preview_bg=&#8221;] [av_textblock size=&#8221; font_color=&#8221; color=&#8221; av-medium-font-size=&#8221; av-small-font-size=&#8221; av-mini-font-size=&#8221; av_uid=&#8217;av-jrgedmfv&#8217; [&hellip;]","og_url":"https:\/\/q40a0nb1.a2hosted.com\/en\/pools\/home-pools\/pools-for-home\/torino-sassi\/","og_site_name":"Acqua Blu","article_publisher":"https:\/\/www.facebook.com\/acquablusrl","article_modified_time":"2020-04-01T13:00:58+00:00","twitter_card":"summary_large_image","twitter_misc":{"Est. reading time":"6 minutes"},"schema":{"@context":"https:\/\/schema.org","@graph":[{"@type":"WebPage","@id":"https:\/\/q40a0nb1.a2hosted.com\/en\/pools\/home-pools\/pools-for-home\/torino-sassi\/","url":"https:\/\/q40a0nb1.a2hosted.com\/en\/pools\/home-pools\/pools-for-home\/torino-sassi\/","name":"Torino Sassi - Acqua Blu","isPartOf":{"@id":"https:\/\/q40a0nb1.a2hosted.com\/#website"},"datePublished":"2019-01-28T17:36:40+00:00","dateModified":"2020-04-01T13:00:58+00:00","breadcrumb":{"@id":"https:\/\/q40a0nb1.a2hosted.com\/en\/pools\/home-pools\/pools-for-home\/torino-sassi\/#breadcrumb"},"inLanguage":"en-US","potentialAction":[{"@type":"ReadAction","target":["https:\/\/q40a0nb1.a2hosted.com\/en\/pools\/home-pools\/pools-for-home\/torino-sassi\/"]}]},{"@type":"BreadcrumbList","@id":"https:\/\/q40a0nb1.a2hosted.com\/en\/pools\/home-pools\/pools-for-home\/torino-sassi\/#breadcrumb","itemListElement":[{"@type":"ListItem","position":1,"name":"Home","item":"https:\/\/q40a0nb1.a2hosted.com\/"},{"@type":"ListItem","position":2,"name":"Pools","item":"https:\/\/q40a0nb1.a2hosted.com\/en\/pools\/"},{"@type":"ListItem","position":3,"name":"Home Pools","item":"https:\/\/q40a0nb1.a2hosted.com\/en\/pools\/home-pools\/"},{"@type":"ListItem","position":4,"name":"Pools for home","item":"https:\/\/q40a0nb1.a2hosted.com\/en\/pools\/home-pools\/pools-for-home\/"},{"@type":"ListItem","position":5,"name":"Torino Sassi"}]},{"@type":"WebSite","@id":"https:\/\/q40a0nb1.a2hosted.com\/#website","url":"https:\/\/q40a0nb1.a2hosted.com\/","name":"Acqua Blu","description":"Costruzione piscine a Torino","publisher":{"@id":"https:\/\/q40a0nb1.a2hosted.com\/#organization"},"potentialAction":[{"@type":"SearchAction","target":{"@type":"EntryPoint","urlTemplate":"https:\/\/q40a0nb1.a2hosted.com\/?s={search_term_string}"},"query-input":{"@type":"PropertyValueSpecification","valueRequired":true,"valueName":"search_term_string"}}],"inLanguage":"en-US"},{"@type":"Organization","@id":"https:\/\/q40a0nb1.a2hosted.com\/#organization","name":"Acqua Blu S.r.l.","url":"https:\/\/q40a0nb1.a2hosted.com\/","logo":{"@type":"ImageObject","inLanguage":"en-US","@id":"https:\/\/q40a0nb1.a2hosted.com\/#\/schema\/logo\/image\/","url":"https:\/\/q40a0nb1.a2hosted.com\/wp-content\/uploads\/2025\/02\/logo-new.png","contentUrl":"https:\/\/q40a0nb1.a2hosted.com\/wp-content\/uploads\/2025\/02\/logo-new.png","width":500,"height":180,"caption":"Acqua Blu S.r.l."},"image":{"@id":"https:\/\/q40a0nb1.a2hosted.com\/#\/schema\/logo\/image\/"},"sameAs":["https:\/\/www.facebook.com\/acquablusrl","https:\/\/www.linkedin.com\/company\/acqua-blu-srl\/","https:\/\/www.instagram.com\/acquablu_srl\/"]}]}},"_links":{"self":[{"href":"https:\/\/q40a0nb1.a2hosted.com\/en\/wp-json\/wp\/v2\/pages\/6467","targetHints":{"allow":["GET"]}}],"collection":[{"href":"https:\/\/q40a0nb1.a2hosted.com\/en\/wp-json\/wp\/v2\/pages"}],"about":[{"href":"https:\/\/q40a0nb1.a2hosted.com\/en\/wp-json\/wp\/v2\/types\/page"}],"author":[{"embeddable":true,"href":"https:\/\/q40a0nb1.a2hosted.com\/en\/wp-json\/wp\/v2\/users\/9"}],"replies":[{"embeddable":true,"href":"https:\/\/q40a0nb1.a2hosted.com\/en\/wp-json\/wp\/v2\/comments?post=6467"}],"version-history":[{"count":0,"href":"https:\/\/q40a0nb1.a2hosted.com\/en\/wp-json\/wp\/v2\/pages\/6467\/revisions"}],"up":[{"embeddable":true,"href":"https:\/\/q40a0nb1.a2hosted.com\/en\/wp-json\/wp\/v2\/pages\/4996"}],"wp:attachment":[{"href":"https:\/\/q40a0nb1.a2hosted.com\/en\/wp-json\/wp\/v2\/media?parent=6467"}],"curies":[{"name":"wp","href":"https:\/\/api.w.org\/{rel}","templated":true}]}}